
{"id":385,"date":"2025-04-30T17:39:58","date_gmt":"2025-04-30T17:39:58","guid":{"rendered":"https:\/\/hren-tomaskovic.com\/?page_id=385"},"modified":"2026-03-06T11:46:15","modified_gmt":"2026-03-06T11:46:15","slug":"about","status":"publish","type":"page","link":"https:\/\/hrenpartners.com\/hr\/about\/","title":{"rendered":"Profil"},"content":{"rendered":"<div data-elementor-type=\"wp-page\" data-elementor-id=\"385\" class=\"elementor elementor-385\" data-elementor-post-type=\"page\">\n\t\t\t\t<div class=\"elementor-element elementor-element-47b146e2 e-con-full elementor-hidden-tablet elementor-hidden-mobile e-flex e-con e-parent\" data-id=\"47b146e2\" data-element_type=\"container\" data-e-type=\"container\" data-settings=\"{&quot;background_background&quot;:&quot;classic&quot;}\">\n\t\t\t\t<div class=\"elementor-element elementor-element-7a8f18ac animated-slow elementor-invisible elementor-widget elementor-widget-heading\" data-id=\"7a8f18ac\" data-element_type=\"widget\" data-e-type=\"widget\" data-settings=\"{&quot;_animation&quot;:&quot;slideInUp&quot;}\" data-widget_type=\"heading.default\">\n\t\t\t\t\t<h2 class=\"elementor-heading-title elementor-size-default\">Na\u0161a Pri\u010da<\/h2>\t\t\t\t<\/div>\n\t\t\t\t<div class=\"elementor-element elementor-element-47214a49 animated-slow elementor-invisible elementor-widget elementor-widget-heading\" data-id=\"47214a49\" data-element_type=\"widget\" data-e-type=\"widget\" data-settings=\"{&quot;_animation&quot;:&quot;slideInUp&quot;}\" data-widget_type=\"heading.default\">\n\t\t\t\t\t<h2 class=\"elementor-heading-title elementor-size-default\">O nama<\/h2>\t\t\t\t<\/div>\n\t\t<div class=\"elementor-element elementor-element-7296d122 e-con-full e-flex e-con e-child\" data-id=\"7296d122\" data-element_type=\"container\" data-e-type=\"container\">\n\t\t<div class=\"elementor-element elementor-element-5a7740 animated-slow e-con-full e-flex elementor-invisible e-con e-child\" data-id=\"5a7740\" data-element_type=\"container\" data-e-type=\"container\" data-settings=\"{&quot;background_background&quot;:&quot;classic&quot;,&quot;animation&quot;:&quot;fadeInUp&quot;,&quot;animation_delay&quot;:600}\">\n\t\t\t\t<\/div>\n\t\t<div class=\"elementor-element elementor-element-2672dabb e-con-full e-flex e-con e-child\" data-id=\"2672dabb\" data-element_type=\"container\" data-e-type=\"container\">\n\t\t\t\t<div class=\"elementor-element elementor-element-60314d2 elementor-blockquote--skin-quotation elementor-blockquote--align-center elementor-widget elementor-widget-blockquote\" data-id=\"60314d2\" data-element_type=\"widget\" data-e-type=\"widget\" data-widget_type=\"blockquote.default\">\n\t\t\t\t\t\t\t<blockquote class=\"elementor-blockquote\">\n\t\t\t<p class=\"elementor-blockquote__content\">\n\t\t\t\tU\u010dinite prvi korak.<br>\nMi \u0107emo sve ostalo.\t\t\t<\/p>\n\t\t\t\t\t<\/blockquote>\n\t\t\t\t\t\t<\/div>\n\t\t\t\t<div class=\"elementor-element elementor-element-3d17b898 elementor-widget elementor-widget-text-editor\" data-id=\"3d17b898\" data-element_type=\"widget\" data-e-type=\"widget\" data-widget_type=\"text-editor.default\">\n\t\t\t\t\t\t\t\t\t<p class=\"\" data-start=\"175\" data-end=\"518\">Hren &amp; Partners Law Firm LLC (H\u2014P | Nlaw Croatia) is a full-service law firm based in Zagreb, Croatia, proudly operating in cooperation with <span style=\"color: #dc1a1a;\">Nlaw<\/span>. Pru\u017eamo pravnu podr\u0161ku prilago\u0111enu raznolikim i stalno promjenjivim potrebama na\u0161ih klijenata, od ambicioznih startupa do etabliranih dru\u0161tava, kako u Hrvatskoj, tako i na me\u0111unarodnoj razini.<\/p><p class=\"\" data-start=\"520\" data-end=\"1072\">Na\u0161 tim spaja duboko pravno znanje s agilno\u0161\u0107u i svje\u017eim pristupom, donose\u0107i energiju, preciznost i strate\u0161ko razmi\u0161ljanje u svaki projekt. Na\u0161a <strong data-start=\"690\" data-end=\"715\">usmjerenost klijentima<\/strong>, ogleda se u brzom odgovoru i jasnom razumijevanju jedinstvenih ciljeva svakog klijenta. <strong data-start=\"813\" data-end=\"831\">Odgovornost<\/strong> je temelj na\u0161eg rada. Preuzimamo potpunu odgovornost za rezultate i djelujemo s integritetom. Vo\u0111eni te\u017enjom prema<strong> izvrsnosti<\/strong> i <strong>inovativnim pristupom<\/strong>, ponosni smo na suradnju u razvoju naprednih pravnih tehnolo\u0161kih rje\u0161enja poput <span style=\"color: #dc1a1a;\">yure.ai<\/span>. Kombiniraju\u0107i pravnu stru\u010dnost s poslovnim razumijevanjem i tehnolo\u0161kom orijentacijom, poma\u017eemo klijentima da djeluju br\u017ee, pametnije te donose bolje odluke.<\/p><p>Na\u0161 cilj je stvarati pravu vrijednost kroz pravnu podr\u0161ku koja je strate\u0161ka, prakti\u010dna i usmjerena prema budu\u0107nosti. Poma\u017eemo klijentima da s povjerenjem napreduju i budu uvijek korak ispred u svijetu koji se stalno mijenja.<\/p><p class=\"\" data-start=\"520\" data-end=\"1072\">Klju\u010dna komponenta na\u0161e filozofije rada je izravan anga\u017eman partnera. Na\u0161i partneri su aktivno uklju\u010deni u svaki korak procesa, jam\u010de\u0107i najvi\u0161e standarde kvalitete, dosljednost i strate\u0161ki nadzor.<\/p><p>As part of the Nlaw network, we are well-positioned to offer seamless cross-border support, combining deep local insight with a strong international reach. At H\u2014P, we are passionate about helping visionary ventures succeed. Please feel free to reach out with any questions or inquiries.<\/p>\t\t\t\t\t\t\t\t<\/div>\n\t\t\t\t<\/div>\n\t\t\t\t<\/div>\n\t\t\t\t<\/div>\n\t\t<div class=\"elementor-element elementor-element-5a3a128 e-con-full elementor-hidden-desktop e-flex e-con e-parent\" data-id=\"5a3a128\" data-element_type=\"container\" data-e-type=\"container\" data-settings=\"{&quot;background_background&quot;:&quot;classic&quot;}\">\n\t\t\t\t<div class=\"elementor-element elementor-element-62eadc7 animated-slow elementor-invisible elementor-widget elementor-widget-heading\" data-id=\"62eadc7\" data-element_type=\"widget\" data-e-type=\"widget\" data-settings=\"{&quot;_animation&quot;:&quot;slideInUp&quot;}\" data-widget_type=\"heading.default\">\n\t\t\t\t\t<h2 class=\"elementor-heading-title elementor-size-default\">Na\u0161a Pri\u010da<\/h2>\t\t\t\t<\/div>\n\t\t\t\t<div class=\"elementor-element elementor-element-da24e1c animated-slow elementor-invisible elementor-widget elementor-widget-heading\" data-id=\"da24e1c\" data-element_type=\"widget\" data-e-type=\"widget\" data-settings=\"{&quot;_animation&quot;:&quot;slideInUp&quot;}\" data-widget_type=\"heading.default\">\n\t\t\t\t\t<h2 class=\"elementor-heading-title elementor-size-default\">O nama<\/h2>\t\t\t\t<\/div>\n\t\t<div class=\"elementor-element elementor-element-385dd70 e-con-full e-flex e-con e-child\" data-id=\"385dd70\" data-element_type=\"container\" data-e-type=\"container\">\n\t\t<div class=\"elementor-element elementor-element-57bea63 e-con-full e-flex e-con e-child\" data-id=\"57bea63\" data-element_type=\"container\" data-e-type=\"container\">\n\t\t<div class=\"elementor-element elementor-element-70cbc52 animated-slow e-con-full e-flex elementor-invisible e-con e-child\" data-id=\"70cbc52\" data-element_type=\"container\" data-e-type=\"container\" data-settings=\"{&quot;background_background&quot;:&quot;classic&quot;,&quot;animation&quot;:&quot;fadeInUp&quot;,&quot;animation_delay&quot;:600}\">\n\t\t\t\t<\/div>\n\t\t\t\t<div class=\"elementor-element elementor-element-ddc95bf elementor-blockquote--skin-quotation elementor-blockquote--align-center elementor-widget elementor-widget-blockquote\" data-id=\"ddc95bf\" data-element_type=\"widget\" data-e-type=\"widget\" data-widget_type=\"blockquote.default\">\n\t\t\t\t\t\t\t<blockquote class=\"elementor-blockquote\">\n\t\t\t<p class=\"elementor-blockquote__content\">\n\t\t\t\tU\u010dinite prvi korak.<br>\nMi \u0107emo sve ostalo.\t\t\t<\/p>\n\t\t\t\t\t<\/blockquote>\n\t\t\t\t\t\t<\/div>\n\t\t\t\t<div class=\"elementor-element elementor-element-201b595 elementor-widget elementor-widget-text-editor\" data-id=\"201b595\" data-element_type=\"widget\" data-e-type=\"widget\" data-widget_type=\"text-editor.default\">\n\t\t\t\t\t\t\t\t\t<p class=\"\" data-start=\"175\" data-end=\"518\">Hren &amp; Partners Law Firm LLC (H\u2014P | Nlaw Croatia) is a full-service law firm based in Zagreb, Croatia, proudly operating in cooperation with <span style=\"color: #dc1a1a;\">Nlaw<\/span>. Pru\u017eamo pravnu podr\u0161ku prilago\u0111enu raznolikim i stalno promjenjivim potrebama na\u0161ih klijenata, od ambicioznih startupa do etabliranih dru\u0161tava, kako u Hrvatskoj, tako i na me\u0111unarodnoj razini.<\/p><p class=\"\" data-start=\"520\" data-end=\"1072\">Na\u0161 tim spaja duboko pravno znanje s agilno\u0161\u0107u i svje\u017eim pristupom, donose\u0107i energiju, preciznost i strate\u0161ko razmi\u0161ljanje u svaki projekt. Na\u0161a <strong data-start=\"690\" data-end=\"715\">usmjerenost klijentima<\/strong>, ogleda se u brzom odgovoru i jasnom razumijevanju jedinstvenih ciljeva svakog klijenta. <strong data-start=\"813\" data-end=\"831\">Odgovornost<\/strong> je temelj na\u0161eg rada. Preuzimamo potpunu odgovornost za rezultate i djelujemo s integritetom. Vo\u0111eni te\u017enjom prema<strong> izvrsnosti<\/strong> i <strong>inovativnim pristupom<\/strong>, ponosni smo na suradnju u razvoju naprednih pravnih tehnolo\u0161kih rje\u0161enja poput <span style=\"color: #dc1a1a;\">yure.ai<\/span>. Kombiniraju\u0107i pravnu stru\u010dnost s poslovnim razumijevanjem i tehnolo\u0161kom orijentacijom, poma\u017eemo klijentima da djeluju br\u017ee, pametnije te donose bolje odluke.<\/p><p>Na\u0161 cilj je stvarati pravu vrijednost kroz pravnu podr\u0161ku koja je strate\u0161ka, prakti\u010dna i usmjerena prema budu\u0107nosti. Poma\u017eemo klijentima da s povjerenjem napreduju i budu uvijek korak ispred u svijetu koji se stalno mijenja.<\/p><p class=\"\" data-start=\"520\" data-end=\"1072\">Klju\u010dna komponenta na\u0161e filozofije rada je izravan anga\u017eman partnera. Na\u0161i partneri su aktivno uklju\u010deni u svaki korak procesa, jam\u010de\u0107i najvi\u0161e standarde kvalitete, dosljednost i strate\u0161ki nadzor.<\/p><p>As part of the Nlaw network, we are well-positioned to offer seamless cross-border support, combining deep local insight with a strong international reach. At H\u2014P, we are passionate about helping visionary ventures succeed. Please feel free to reach out with any questions or inquiries.<\/p>\t\t\t\t\t\t\t\t<\/div>\n\t\t\t\t<\/div>\n\t\t\t\t<\/div>\n\t\t\t\t<\/div>\n\t\t<div class=\"elementor-element elementor-element-fa56da2 e-flex e-con-boxed e-con e-parent\" data-id=\"fa56da2\" data-element_type=\"container\" data-e-type=\"container\" data-settings=\"{&quot;background_background&quot;:&quot;classic&quot;}\">\n\t\t\t\t\t<div class=\"e-con-inner\">\n\t\t<div class=\"elementor-element elementor-element-7d72cb42 e-con-full e-flex e-con e-child\" data-id=\"7d72cb42\" data-element_type=\"container\" data-e-type=\"container\">\n\t\t<div class=\"elementor-element elementor-element-1ea2782b e-con-full e-flex e-con e-child\" data-id=\"1ea2782b\" data-element_type=\"container\" data-e-type=\"container\">\n\t\t\t\t<div class=\"elementor-element elementor-element-34076386 animated-slow elementor-invisible elementor-widget elementor-widget-heading\" data-id=\"34076386\" data-element_type=\"widget\" data-e-type=\"widget\" data-settings=\"{&quot;_animation&quot;:&quot;slideInUp&quot;}\" data-widget_type=\"heading.default\">\n\t\t\t\t\t<h2 class=\"elementor-heading-title elementor-size-default\">Radi s najboljima<\/h2>\t\t\t\t<\/div>\n\t\t\t\t<div class=\"elementor-element elementor-element-2f870006 animated-slow elementor-invisible elementor-widget elementor-widget-heading\" data-id=\"2f870006\" data-element_type=\"widget\" data-e-type=\"widget\" data-settings=\"{&quot;_animation&quot;:&quot;slideInUp&quot;}\" data-widget_type=\"heading.default\">\n\t\t\t\t\t<h2 class=\"elementor-heading-title elementor-size-default\">Upoznaj <br>TEAM<\/h2>\t\t\t\t<\/div>\n\t\t\t\t<\/div>\n\t\t\t\t<\/div>\n\t\t<div class=\"elementor-element elementor-element-52cd275 e-con-full e-flex e-con e-child\" data-id=\"52cd275\" data-element_type=\"container\" data-e-type=\"container\">\n\t\t\t\t<div class=\"elementor-element elementor-element-12228992 elementor-cta--skin-cover elementor-cta--valign-bottom elementor-widget__width-inherit elementor-widget-tablet__width-initial elementor-widget-mobile__width-inherit elementor-animated-content elementor-bg-transform elementor-bg-transform-zoom-in elementor-widget elementor-widget-call-to-action\" data-id=\"12228992\" data-element_type=\"widget\" data-e-type=\"widget\" data-widget_type=\"call-to-action.default\">\n\t\t\t\t\t\t\t<a class=\"elementor-cta\" href=\"https:\/\/hrenpartners.com\/hr\/martin-hren\/\">\n\t\t\t\t\t<div class=\"elementor-cta__bg-wrapper\">\n\t\t\t\t<div class=\"elementor-cta__bg elementor-bg\" style=\"background-image: url(https:\/\/i0.wp.com\/hrenpartners.com\/wp-content\/uploads\/2025\/04\/2025-04-30-12.03.37-1-1-scaled-e1746008177405.jpg?fit=800%2C911&#038;ssl=1);\" role=\"img\" aria-label=\"Processed with VSCO with b1 preset\"><\/div>\n\t\t\t\t<div class=\"elementor-cta__bg-overlay\"><\/div>\n\t\t\t<\/div>\n\t\t\t\t\t\t\t<div class=\"elementor-cta__content\">\n\t\t\t\t\n\t\t\t\t\n\t\t\t\t\n\t\t\t\t\t\t\t\t\t<div class=\"elementor-cta__button-wrapper elementor-cta__content-item elementor-content-item elementor-animated-item--grow\">\n\t\t\t\t\t<span class=\"elementor-cta__button elementor-button elementor-size-\">\n\t\t\t\t\t\tMartin hren\t\t\t\t\t<\/span>\n\t\t\t\t\t<\/div>\n\t\t\t\t\t\t\t<\/div>\n\t\t\t\t\t\t<\/a>\n\t\t\t\t\t\t<\/div>\n\t\t\t\t<div class=\"elementor-element elementor-element-5808526 elementor-cta--skin-cover elementor-cta--valign-bottom elementor-widget__width-initial elementor-widget-tablet__width-initial elementor-widget-mobile__width-inherit elementor-animated-content elementor-bg-transform elementor-bg-transform-zoom-in elementor-widget elementor-widget-call-to-action\" data-id=\"5808526\" data-element_type=\"widget\" data-e-type=\"widget\" data-widget_type=\"call-to-action.default\">\n\t\t\t\t\t\t\t<a class=\"elementor-cta\" href=\"https:\/\/hrenpartners.com\/hr\/antonia-mihaljevic\/\">\n\t\t\t\t\t<div class=\"elementor-cta__bg-wrapper\">\n\t\t\t\t<div class=\"elementor-cta__bg elementor-bg\" style=\"background-image: url(https:\/\/i0.wp.com\/hrenpartners.com\/wp-content\/uploads\/2026\/03\/202602_Hren_i_Partneri_06-2-scaled.jpg?fit=800%2C897&#038;ssl=1);\" role=\"img\" aria-label=\"202602_Hren_i_Partneri_06\"><\/div>\n\t\t\t\t<div class=\"elementor-cta__bg-overlay\"><\/div>\n\t\t\t<\/div>\n\t\t\t\t\t\t\t<div class=\"elementor-cta__content\">\n\t\t\t\t\n\t\t\t\t\n\t\t\t\t\n\t\t\t\t\t\t\t\t\t<div class=\"elementor-cta__button-wrapper elementor-cta__content-item elementor-content-item elementor-animated-item--grow\">\n\t\t\t\t\t<span class=\"elementor-cta__button elementor-button elementor-size-\">\n\t\t\t\t\t\tantonia mihaljevi\u0107\t\t\t\t\t<\/span>\n\t\t\t\t\t<\/div>\n\t\t\t\t\t\t\t<\/div>\n\t\t\t\t\t\t<\/a>\n\t\t\t\t\t\t<\/div>\n\t\t\t\t<div class=\"elementor-element elementor-element-252523f elementor-cta--skin-cover elementor-cta--valign-bottom elementor-widget__width-initial elementor-widget-tablet__width-initial elementor-widget-mobile__width-inherit elementor-animated-content elementor-bg-transform elementor-bg-transform-zoom-in elementor-widget elementor-widget-call-to-action\" data-id=\"252523f\" data-element_type=\"widget\" data-e-type=\"widget\" data-widget_type=\"call-to-action.default\">\n\t\t\t\t\t\t\t<a class=\"elementor-cta\" href=\"https:\/\/hrenpartners.com\/hr\/luka-dusper\/\">\n\t\t\t\t\t<div class=\"elementor-cta__bg-wrapper\">\n\t\t\t\t<div class=\"elementor-cta__bg elementor-bg\" style=\"background-image: url(https:\/\/i0.wp.com\/hrenpartners.com\/wp-content\/uploads\/2026\/03\/202602_Hren_i_Partneri_21-scaled.jpg?fit=800%2C1000&#038;ssl=1);\" role=\"img\" aria-label=\"202602_Hren_i_Partneri_21\"><\/div>\n\t\t\t\t<div class=\"elementor-cta__bg-overlay\"><\/div>\n\t\t\t<\/div>\n\t\t\t\t\t\t\t<div class=\"elementor-cta__content\">\n\t\t\t\t\n\t\t\t\t\n\t\t\t\t\n\t\t\t\t\t\t\t\t\t<div class=\"elementor-cta__button-wrapper elementor-cta__content-item elementor-content-item elementor-animated-item--grow\">\n\t\t\t\t\t<span class=\"elementor-cta__button elementor-button elementor-size-\">\n\t\t\t\t\t\tluka dusper\t\t\t\t\t<\/span>\n\t\t\t\t\t<\/div>\n\t\t\t\t\t\t\t<\/div>\n\t\t\t\t\t\t<\/a>\n\t\t\t\t\t\t<\/div>\n\t\t\t\t<div class=\"elementor-element elementor-element-6b7c8f9 elementor-cta--skin-cover elementor-cta--valign-bottom elementor-widget__width-inherit elementor-widget-tablet__width-initial elementor-widget-mobile__width-inherit elementor-animated-content elementor-bg-transform elementor-bg-transform-zoom-in elementor-widget elementor-widget-call-to-action\" data-id=\"6b7c8f9\" data-element_type=\"widget\" data-e-type=\"widget\" data-widget_type=\"call-to-action.default\">\n\t\t\t\t\t\t\t<a class=\"elementor-cta\" href=\"https:\/\/hrenpartners.com\/hr\/iva-skrlec\/\">\n\t\t\t\t\t<div class=\"elementor-cta__bg-wrapper\">\n\t\t\t\t<div class=\"elementor-cta__bg elementor-bg\" style=\"background-image: url(https:\/\/i0.wp.com\/hrenpartners.com\/wp-content\/uploads\/2026\/03\/202602_Hren_i_Partneri_08-1.jpg?fit=800%2C802&#038;ssl=1);\" role=\"img\" aria-label=\"202602_Hren_i_Partneri_08\"><\/div>\n\t\t\t\t<div class=\"elementor-cta__bg-overlay\"><\/div>\n\t\t\t<\/div>\n\t\t\t\t\t\t\t<div class=\"elementor-cta__content\">\n\t\t\t\t\n\t\t\t\t\n\t\t\t\t\n\t\t\t\t\t\t\t\t\t<div class=\"elementor-cta__button-wrapper elementor-cta__content-item elementor-content-item elementor-animated-item--grow\">\n\t\t\t\t\t<span class=\"elementor-cta__button elementor-button elementor-size-\">\n\t\t\t\t\t\tiva \u0161krlec\t\t\t\t\t<\/span>\n\t\t\t\t\t<\/div>\n\t\t\t\t\t\t\t<\/div>\n\t\t\t\t\t\t<\/a>\n\t\t\t\t\t\t<\/div>\n\t\t\t\t<\/div>\n\t\t<div class=\"elementor-element elementor-element-c792b18 e-con-full e-flex e-con e-child\" data-id=\"c792b18\" data-element_type=\"container\" data-e-type=\"container\">\n\t\t\t\t<\/div>\n\t\t\t\t\t<\/div>\n\t\t\t\t<\/div>\n\t\t\t\t<\/div>","protected":false},"excerpt":{"rendered":"<p>Our Story about us TAKE THE FIRST STEP. WE WILL DO THE REST. Hren &amp; Partners Law Firm LLC (H\u2014P | Nlaw Croatia) is a full-service law firm based in Zagreb, Croatia, proudly operating in cooperation with Nlaw. We provide tailored legal solutions to meet the diverse and evolving needs of our clients, from ambitious [&hellip;]<\/p>\n","protected":false},"author":1,"featured_media":0,"parent":0,"menu_order":0,"comment_status":"closed","ping_status":"closed","template":"elementor_header_footer","meta":{"footnotes":""},"class_list":["post-385","page","type-page","status-publish","hentry"],"_links":{"self":[{"href":"https:\/\/hrenpartners.com\/hr\/wp-json\/wp\/v2\/pages\/385","targetHints":{"allow":["GET"]}}],"collection":[{"href":"https:\/\/hrenpartners.com\/hr\/wp-json\/wp\/v2\/pages"}],"about":[{"href":"https:\/\/hrenpartners.com\/hr\/wp-json\/wp\/v2\/types\/page"}],"author":[{"embeddable":true,"href":"https:\/\/hrenpartners.com\/hr\/wp-json\/wp\/v2\/users\/1"}],"replies":[{"embeddable":true,"href":"https:\/\/hrenpartners.com\/hr\/wp-json\/wp\/v2\/comments?post=385"}],"version-history":[{"count":24,"href":"https:\/\/hrenpartners.com\/hr\/wp-json\/wp\/v2\/pages\/385\/revisions"}],"predecessor-version":[{"id":1562,"href":"https:\/\/hrenpartners.com\/hr\/wp-json\/wp\/v2\/pages\/385\/revisions\/1562"}],"wp:attachment":[{"href":"https:\/\/hrenpartners.com\/hr\/wp-json\/wp\/v2\/media?parent=385"}],"curies":[{"name":"wp","href":"https:\/\/api.w.org\/{rel}","templated":true}]}}