
{"id":443,"date":"2025-04-30T17:41:18","date_gmt":"2025-04-30T17:41:18","guid":{"rendered":"https:\/\/hren-tomaskovic.com\/?page_id=443"},"modified":"2025-06-16T15:49:43","modified_gmt":"2025-06-16T15:49:43","slug":"insights","status":"publish","type":"page","link":"https:\/\/hrenpartners.com\/hr\/insights\/","title":{"rendered":"Objave"},"content":{"rendered":"<div data-elementor-type=\"wp-page\" data-elementor-id=\"443\" class=\"elementor elementor-443\" data-elementor-post-type=\"page\">\n\t\t\t\t<div class=\"elementor-element elementor-element-56f9bfba e-con-full e-flex e-con e-parent\" data-id=\"56f9bfba\" data-element_type=\"container\" data-e-type=\"container\" data-settings=\"{&quot;background_background&quot;:&quot;classic&quot;}\">\n\t\t<div class=\"elementor-element elementor-element-a6d62d8 e-con-full e-flex e-con e-child\" data-id=\"a6d62d8\" data-element_type=\"container\" data-e-type=\"container\">\n\t\t\t\t<div class=\"elementor-element elementor-element-4eeb2480 elementor-widget__width-initial elementor-widget elementor-widget-heading\" data-id=\"4eeb2480\" data-element_type=\"widget\" data-e-type=\"widget\" data-widget_type=\"heading.default\">\n\t\t\t\t\t<h1 class=\"elementor-heading-title elementor-size-default\">Objave<\/h1>\t\t\t\t<\/div>\n\t\t\t\t<div class=\"elementor-element elementor-element-144fc9ae elementor-widget__width-initial elementor-widget-mobile__width-initial elementor-widget-tablet__width-initial elementor-widget elementor-widget-text-editor\" data-id=\"144fc9ae\" data-element_type=\"widget\" data-e-type=\"widget\" data-widget_type=\"text-editor.default\">\n\t\t\t\t\t\t\t\t\t<p>\u00a0<\/p><p>Poslovne objave, novosti i \u010dlanci koje priprema na\u0161 tim.<\/p>\t\t\t\t\t\t\t\t<\/div>\n\t\t\t\t<\/div>\n\t\t\t\t<\/div>\n\t\t<div class=\"elementor-element elementor-element-2fc5720b e-con-full e-flex e-con e-parent\" data-id=\"2fc5720b\" data-element_type=\"container\" data-e-type=\"container\" data-settings=\"{&quot;background_background&quot;:&quot;classic&quot;}\">\n\t\t\t\t<div class=\"elementor-element elementor-element-665b4463 elementor-grid-tablet-1 elementor-grid-3 elementor-grid-mobile-1 elementor-posts--thumbnail-top load-more-align-center elementor-widget elementor-widget-posts\" data-id=\"665b4463\" data-element_type=\"widget\" data-e-type=\"widget\" data-settings=\"{&quot;classic_row_gap_mobile&quot;:{&quot;unit&quot;:&quot;px&quot;,&quot;size&quot;:52,&quot;sizes&quot;:[]},&quot;pagination_type&quot;:&quot;load_more_on_click&quot;,&quot;classic_columns_tablet&quot;:&quot;1&quot;,&quot;classic_columns&quot;:&quot;3&quot;,&quot;classic_columns_mobile&quot;:&quot;1&quot;,&quot;classic_row_gap&quot;:{&quot;unit&quot;:&quot;px&quot;,&quot;size&quot;:35,&quot;sizes&quot;:[]},&quot;classic_row_gap_tablet&quot;:{&quot;unit&quot;:&quot;px&quot;,&quot;size&quot;:&quot;&quot;,&quot;sizes&quot;:[]},&quot;load_more_spinner&quot;:{&quot;value&quot;:&quot;fas fa-spinner&quot;,&quot;library&quot;:&quot;fa-solid&quot;}}\" data-widget_type=\"posts.classic\">\n\t\t\t\t<div class=\"elementor-widget-container\">\n\t\t\t\t\t\t\t<div class=\"elementor-posts-container elementor-posts elementor-posts--skin-classic elementor-grid\" role=\"list\">\n\t\t\t\t<article class=\"elementor-post elementor-grid-item post-1112 post type-post status-publish format-standard has-post-thumbnail hentry category-uncategorized\" role=\"listitem\">\n\t\t\t\t<a class=\"elementor-post__thumbnail__link\" href=\"https:\/\/hrenpartners.com\/hr\/hren-tomaskovic-at-legalhack-2025-supporting-innovation-in-law-technology\/\" tabindex=\"-1\" >\n\t\t\t<div class=\"elementor-post__thumbnail\"><img fetchpriority=\"high\" decoding=\"async\" width=\"768\" height=\"512\" src=\"https:\/\/i0.wp.com\/hrenpartners.com\/wp-content\/uploads\/2025\/05\/e281f67a459e1ec18993f1f0591b4219.jpeg?fit=768%2C512&amp;ssl=1\" class=\"attachment-medium_large size-medium_large wp-image-1133\" alt=\"\" srcset=\"https:\/\/i0.wp.com\/hrenpartners.com\/wp-content\/uploads\/2025\/05\/e281f67a459e1ec18993f1f0591b4219.jpeg?w=2048&amp;ssl=1 2048w, https:\/\/i0.wp.com\/hrenpartners.com\/wp-content\/uploads\/2025\/05\/e281f67a459e1ec18993f1f0591b4219.jpeg?resize=300%2C200&amp;ssl=1 300w, https:\/\/i0.wp.com\/hrenpartners.com\/wp-content\/uploads\/2025\/05\/e281f67a459e1ec18993f1f0591b4219.jpeg?resize=1024%2C683&amp;ssl=1 1024w, https:\/\/i0.wp.com\/hrenpartners.com\/wp-content\/uploads\/2025\/05\/e281f67a459e1ec18993f1f0591b4219.jpeg?resize=768%2C512&amp;ssl=1 768w, https:\/\/i0.wp.com\/hrenpartners.com\/wp-content\/uploads\/2025\/05\/e281f67a459e1ec18993f1f0591b4219.jpeg?resize=1536%2C1024&amp;ssl=1 1536w, https:\/\/i0.wp.com\/hrenpartners.com\/wp-content\/uploads\/2025\/05\/e281f67a459e1ec18993f1f0591b4219.jpeg?resize=18%2C12&amp;ssl=1 18w, https:\/\/i0.wp.com\/hrenpartners.com\/wp-content\/uploads\/2025\/05\/e281f67a459e1ec18993f1f0591b4219.jpeg?w=1600&amp;ssl=1 1600w\" sizes=\"(max-width: 768px) 100vw, 768px\" \/><\/div>\n\t\t<\/a>\n\t\t\t\t<div class=\"elementor-post__text\">\n\t\t\t\t<h3 class=\"elementor-post__title\">\n\t\t\t<a href=\"https:\/\/hrenpartners.com\/hr\/hren-tomaskovic-at-legalhack-2025-supporting-innovation-in-law-technology\/\" >\n\t\t\t\tHren\u2014Partners at LegalHack 2025: Supporting Innovation in Law &amp; Technology\t\t\t<\/a>\n\t\t<\/h3>\n\t\t\t\t<div class=\"elementor-post__meta-data\">\n\t\t\t\t\t<span class=\"elementor-post-date\">\n\t\t\t15\/05\/2025\t\t<\/span>\n\t\t\t\t<\/div>\n\t\t\t\t<div class=\"elementor-post__excerpt\">\n\t\t\t<p>Ponosno smo podr\u017eali ovogodi\u0161nji LegalHackathon, kojeg je organizirala udruga Meritokrat pri Pravnom fakultetu Sveu\u010dili\u0161ta u Zagrebu, s fokusom na pravne izazove deepfake tehnologije. Sandra Toma\u0161kovi\u0107 je mentorirala timove sudionike, dok je Martin Hren sudjelovao u stru\u010dnom \u017eiriju. Nastavljamo s predano\u0161\u0107u poticati inovacije i napredno razmi\u0161ljanje u pravnoj profesiji.<\/p>\n\t\t<\/div>\n\t\t\n\t\t<a class=\"elementor-post__read-more\" href=\"https:\/\/hrenpartners.com\/hr\/hren-tomaskovic-at-legalhack-2025-supporting-innovation-in-law-technology\/\" aria-label=\"Read more about Hren\u2014Partners at LegalHack 2025: Supporting Innovation in Law &amp; Technology\" tabindex=\"-1\" >\n\t\t\tVi\u0161e \t\t<\/a>\n\n\t\t\t\t<\/div>\n\t\t\t\t<\/article>\n\t\t\t\t<article class=\"elementor-post elementor-grid-item post-757 post type-post status-publish format-standard has-post-thumbnail hentry category-uncategorized\" role=\"listitem\">\n\t\t\t\t<a class=\"elementor-post__thumbnail__link\" href=\"https:\/\/hrenpartners.com\/hr\/cee-legal-matters-2024-deal-of-the-year-nomination\/\" tabindex=\"-1\" >\n\t\t\t<div class=\"elementor-post__thumbnail\"><img decoding=\"async\" width=\"768\" height=\"512\" src=\"https:\/\/i0.wp.com\/hrenpartners.com\/wp-content\/uploads\/2025\/02\/20250520_141549_0000-2.png?fit=768%2C512&amp;ssl=1\" class=\"attachment-medium_large size-medium_large wp-image-1103\" alt=\"\" srcset=\"https:\/\/i0.wp.com\/hrenpartners.com\/wp-content\/uploads\/2025\/02\/20250520_141549_0000-2.png?w=2048&amp;ssl=1 2048w, https:\/\/i0.wp.com\/hrenpartners.com\/wp-content\/uploads\/2025\/02\/20250520_141549_0000-2.png?resize=300%2C200&amp;ssl=1 300w, https:\/\/i0.wp.com\/hrenpartners.com\/wp-content\/uploads\/2025\/02\/20250520_141549_0000-2.png?resize=1024%2C683&amp;ssl=1 1024w, https:\/\/i0.wp.com\/hrenpartners.com\/wp-content\/uploads\/2025\/02\/20250520_141549_0000-2.png?resize=768%2C512&amp;ssl=1 768w, https:\/\/i0.wp.com\/hrenpartners.com\/wp-content\/uploads\/2025\/02\/20250520_141549_0000-2.png?w=1600&amp;ssl=1 1600w\" sizes=\"(max-width: 768px) 100vw, 768px\" \/><\/div>\n\t\t<\/a>\n\t\t\t\t<div class=\"elementor-post__text\">\n\t\t\t\t<h3 class=\"elementor-post__title\">\n\t\t\t<a href=\"https:\/\/hrenpartners.com\/hr\/cee-legal-matters-2024-deal-of-the-year-nomination\/\" >\n\t\t\t\tNominacija za CEE Legal Matters 2024 Deal of the Year\t\t\t<\/a>\n\t\t<\/h3>\n\t\t\t\t<div class=\"elementor-post__meta-data\">\n\t\t\t\t\t<span class=\"elementor-post-date\">\n\t\t\t09\/02\/2025\t\t<\/span>\n\t\t\t\t<\/div>\n\t\t\t\t<div class=\"elementor-post__excerpt\">\n\t\t\t<p>S ponosom objavljujemo na\u0161u nominaciju za nagradu CEE Legal Matters Deal of the Year 2024! Ovo priznanje isti\u010de na\u0161u klju\u010dnu ulogu u investiciji Taiwania Capitala od 10 milijuna eura u inovativni adtech startup All Eyes on Screens. Dok slavimo ovo postignu\u0107e, s rado\u0161\u0107u dijelimo i vijest da je na\u0161 partner, Martin Hren, pozvan da bude \u010dlan \u017eirija koji \u0107e u Pragu izabrati pobjednika za 2024. godinu. <\/p>\n\t\t<\/div>\n\t\t\n\t\t<a class=\"elementor-post__read-more\" href=\"https:\/\/hrenpartners.com\/hr\/cee-legal-matters-2024-deal-of-the-year-nomination\/\" aria-label=\"Read more about CEE Legal Matters 2024 Deal of the Year nomination\" tabindex=\"-1\" >\n\t\t\tVi\u0161e \t\t<\/a>\n\n\t\t\t\t<\/div>\n\t\t\t\t<\/article>\n\t\t\t\t<article class=\"elementor-post elementor-grid-item post-1123 post type-post status-publish format-standard has-post-thumbnail hentry category-uncategorized\" role=\"listitem\">\n\t\t\t\t<a class=\"elementor-post__thumbnail__link\" href=\"https:\/\/hrenpartners.com\/hr\/hren-tomaskovic-partners-spotlighted-in-cee-legal-matters-december-2024-croatias-ma-trends-uncovered\/\" tabindex=\"-1\" >\n\t\t\t<div class=\"elementor-post__thumbnail\"><img decoding=\"async\" width=\"768\" height=\"768\" src=\"https:\/\/i0.wp.com\/hrenpartners.com\/wp-content\/uploads\/2025\/05\/1734695663080.jpg?fit=768%2C768&amp;ssl=1\" class=\"attachment-medium_large size-medium_large wp-image-1124\" alt=\"\" srcset=\"https:\/\/i0.wp.com\/hrenpartners.com\/wp-content\/uploads\/2025\/05\/1734695663080.jpg?w=800&amp;ssl=1 800w, https:\/\/i0.wp.com\/hrenpartners.com\/wp-content\/uploads\/2025\/05\/1734695663080.jpg?resize=300%2C300&amp;ssl=1 300w, https:\/\/i0.wp.com\/hrenpartners.com\/wp-content\/uploads\/2025\/05\/1734695663080.jpg?resize=150%2C150&amp;ssl=1 150w, https:\/\/i0.wp.com\/hrenpartners.com\/wp-content\/uploads\/2025\/05\/1734695663080.jpg?resize=768%2C768&amp;ssl=1 768w, https:\/\/i0.wp.com\/hrenpartners.com\/wp-content\/uploads\/2025\/05\/1734695663080.jpg?resize=12%2C12&amp;ssl=1 12w\" sizes=\"(max-width: 768px) 100vw, 768px\" \/><\/div>\n\t\t<\/a>\n\t\t\t\t<div class=\"elementor-post__text\">\n\t\t\t\t<h3 class=\"elementor-post__title\">\n\t\t\t<a href=\"https:\/\/hrenpartners.com\/hr\/hren-tomaskovic-partners-spotlighted-in-cee-legal-matters-december-2024-croatias-ma-trends-uncovered\/\" >\n\t\t\t\tHren\u2014Partners Spotlighted in CEE Legal Matters December 2024: Croatia\u2019s M&amp;A Trends Uncovered\t\t\t<\/a>\n\t\t<\/h3>\n\t\t\t\t<div class=\"elementor-post__meta-data\">\n\t\t\t\t\t<span class=\"elementor-post-date\">\n\t\t\t18\/12\/2024\t\t<\/span>\n\t\t\t\t<\/div>\n\t\t\t\t<div class=\"elementor-post__excerpt\">\n\t\t\t<p>Hren\u2014Toma\u0161kovi\u0107 partners Martin Hren and Sandra Toma\u0161kovi\u0107 share insights on Croatia\u2019s M&#038;A market in 2024, highlighting sustainability and energy as key growth drivers in the latest CEE Legal Matters issue.<\/p>\n\t\t<\/div>\n\t\t\n\t\t<a class=\"elementor-post__read-more\" href=\"https:\/\/hrenpartners.com\/hr\/hren-tomaskovic-partners-spotlighted-in-cee-legal-matters-december-2024-croatias-ma-trends-uncovered\/\" aria-label=\"Read more about Hren\u2014Partners Spotlighted in CEE Legal Matters December 2024: Croatia\u2019s M&amp;A Trends Uncovered\" tabindex=\"-1\" >\n\t\t\tVi\u0161e \t\t<\/a>\n\n\t\t\t\t<\/div>\n\t\t\t\t<\/article>\n\t\t\t\t<\/div>\n\t\t\t\t\t<span class=\"e-load-more-spinner\">\n\t\t\t\t<svg aria-hidden=\"true\" class=\"e-font-icon-svg e-fas-spinner\" viewbox=\"0 0 512 512\" xmlns=\"http:\/\/www.w3.org\/2000\/svg\"><path d=\"M304 48c0 26.51-21.49 48-48 48s-48-21.49-48-48 21.49-48 48-48 48 21.49 48 48zm-48 368c-26.51 0-48 21.49-48 48s21.49 48 48 48 48-21.49 48-48-21.49-48-48-48zm208-208c-26.51 0-48 21.49-48 48s21.49 48 48 48 48-21.49 48-48-21.49-48-48-48zM96 256c0-26.51-21.49-48-48-48S0 229.49 0 256s21.49 48 48 48 48-21.49 48-48zm12.922 99.078c-26.51 0-48 21.49-48 48s21.49 48 48 48 48-21.49 48-48c0-26.509-21.491-48-48-48zm294.156 0c-26.51 0-48 21.49-48 48s21.49 48 48 48 48-21.49 48-48c0-26.509-21.49-48-48-48zM108.922 60.922c-26.51 0-48 21.49-48 48s21.49 48 48 48 48-21.49 48-48-21.491-48-48-48z\"><\/path><\/svg>\t\t\t<\/span>\n\t\t\n\t\t\t\t\t\t<\/div>\n\t\t\t\t<\/div>\n\t\t\t\t<\/div>\n\t\t\t\t<\/div>","protected":false},"excerpt":{"rendered":"<p>insights \u00a0 Business insights, news and articles written by our team<\/p>","protected":false},"author":1,"featured_media":0,"parent":0,"menu_order":0,"comment_status":"closed","ping_status":"closed","template":"elementor_header_footer","meta":{"footnotes":""},"class_list":["post-443","page","type-page","status-publish","hentry"],"_links":{"self":[{"href":"https:\/\/hrenpartners.com\/hr\/wp-json\/wp\/v2\/pages\/443","targetHints":{"allow":["GET"]}}],"collection":[{"href":"https:\/\/hrenpartners.com\/hr\/wp-json\/wp\/v2\/pages"}],"about":[{"href":"https:\/\/hrenpartners.com\/hr\/wp-json\/wp\/v2\/types\/page"}],"author":[{"embeddable":true,"href":"https:\/\/hrenpartners.com\/hr\/wp-json\/wp\/v2\/users\/1"}],"replies":[{"embeddable":true,"href":"https:\/\/hrenpartners.com\/hr\/wp-json\/wp\/v2\/comments?post=443"}],"version-history":[{"count":0,"href":"https:\/\/hrenpartners.com\/hr\/wp-json\/wp\/v2\/pages\/443\/revisions"}],"wp:attachment":[{"href":"https:\/\/hrenpartners.com\/hr\/wp-json\/wp\/v2\/media?parent=443"}],"curies":[{"name":"wp","href":"https:\/\/api.w.org\/{rel}","templated":true}]}}